{"id":61,"date":"2024-11-28T21:10:01","date_gmt":"2024-11-28T20:10:01","guid":{"rendered":"https:\/\/kevin.drouet.formation-esiac.fr\/?page_id=61"},"modified":"2024-12-02T09:37:40","modified_gmt":"2024-12-02T08:37:40","slug":"dossier-u5","status":"publish","type":"page","link":"https:\/\/kevin.drouet.formation-esiac.fr\/index.php\/dossier-u5\/","title":{"rendered":"DOSSIER U5"},"content":{"rendered":"\n<div class=\"wp-block-group has-global-padding is-layout-constrained wp-block-group-is-layout-constrained\">\n<div class=\"wp-block-query is-layout-flow wp-block-query-is-layout-flow\"><ul class=\"wp-block-post-template is-layout-flow wp-block-post-template-is-layout-flow\"><li class=\"wp-block-post post-1 post type-post status-publish format-standard hentry category-non-classe\">\n\n<div class=\"wp-block-columns are-vertically-aligned-center is-layout-flex wp-container-core-columns-is-layout-28f84493 wp-block-columns-is-layout-flex\">\n<div class=\"wp-block-column is-vertically-aligned-center is-layout-flow wp-block-column-is-layout-flow\" style=\"flex-basis:25%\">\n<figure class=\"wp-block-image size-full\"><img loading=\"lazy\" decoding=\"async\" width=\"280\" height=\"180\" src=\"https:\/\/kevin.drouet.formation-esiac.fr\/wp-content\/uploads\/2024\/11\/bts-sio-logo.jpg\" alt=\"\" class=\"wp-image-64\"\/><\/figure>\n<\/div>\n\n\n\n<div class=\"wp-block-column is-vertically-aligned-center is-layout-flow wp-block-column-is-layout-flow\" style=\"flex-basis:75%\">\n<h2 class=\"wp-block-heading\"> PRESENTATION ENTREPRISE ET ACTIVITES<\/h2>\n<\/div>\n<\/div>\n\n<\/li><\/ul><\/div>\n<\/div>\n\n\n\n<div class=\"wp-block-group alignfull has-global-padding is-layout-constrained wp-container-core-group-is-layout-4e17e602 wp-block-group-is-layout-constrained\" style=\"padding-top:var(--wp--preset--spacing--superbspacing-medium);padding-right:var(--wp--preset--spacing--superbspacing-small);padding-bottom:var(--wp--preset--spacing--superbspacing-medium);padding-left:var(--wp--preset--spacing--superbspacing-small)\">\n<h5 class=\"wp-block-heading has-text-align-left\"><mark style=\"background-color:rgba(0, 0, 0, 0)\" class=\"has-inline-color has-primary-color\">Pr\u00e9sentation br\u00e8ve de mon entreprise<\/mark><\/h5>\n\n\n\n<div class=\"wp-block-group is-layout-flow wp-container-core-group-is-layout-3fbca637 wp-block-group-is-layout-flow\">\n<p class=\"has-superbfont-small-font-size\">Delta Technologies, fond\u00e9e en 1986 dans la Sarthe, est un acteur majeur dans le secteur informatique. Depuis son int\u00e9gration au groupe FITECO en 2017, l\u2019entreprise s\u2019appuie sur ses agences de La Fert\u00e9-Bernard, Le Mans et Chartres pour accompagner ses 1 300 clients. Avec un chiffre d\u2019affaires de 7,7 millions d\u2019euros en 2023 et une \u00e9quipe de 25 collaborateurs, elle propose des solutions innovantes en gestion des infrastructures, sauvegardes, virtualisation, r\u00e9seaux, t\u00e9l\u00e9phonie IP et logiciels de gestion.<\/p>\n\n\n\n<h5 class=\"wp-block-heading has-superbfont-small-font-size\"><mark style=\"background-color:rgba(0, 0, 0, 0)\" class=\"has-inline-color has-primary-color\">Pr\u00e9sentation des missions quotidienne<\/mark><\/h5>\n\n\n\n<p class=\"has-superbfont-small-font-size\">En qualit\u00e9 de technicien de niveau 1 au sein de Delta Technologies, j\u2019assure la gestion des demandes techniques des clients, tant \u00e0 distance que sur site. Mes responsabilit\u00e9s incluent la maintenance des postes utilisateurs, des serveurs physiques et virtuels, ainsi que des \u00e9quipements r\u00e9seau. Je veille \u00e0 l\u2019impl\u00e9mentation et au suivi des sauvegardes via Veeam Backup et participe au d\u00e9ploiement d\u2019infrastructures informatiques adapt\u00e9es. En collaboration avec des prestataires, je contribue \u00e0 l\u2019optimisation des applications m\u00e9tiers, tout en garantissant le respect des normes de s\u00e9curit\u00e9 et de confidentialit\u00e9 des donn\u00e9es.<\/p>\n\n\n\n<div class=\"wp-block-buttons is-layout-flex wp-block-buttons-is-layout-flex\">\n<div class=\"wp-block-button\"><a class=\"wp-block-button__link wp-element-button\" href=\"https:\/\/kevin.drouet.formation-esiac.fr\/pdf\/dossier_u5.pdf\">Visionner mon dossier U5<\/a><\/div>\n<\/div>\n\n\n\n<p class=\"has-superbfont-small-font-size\"><\/p>\n<\/div>\n\n\n\n<div class=\"wp-block-buttons is-layout-flex wp-block-buttons-is-layout-flex\">\n<div class=\"wp-block-button\"><a class=\"wp-block-button__link wp-element-button\" href=\"https:\/\/kevin.drouet.formation-esiac.fr\/pdf\/grille_competences.pdf\">Grille de comp\u00e9tence<\/a><\/div>\n<\/div>\n<\/div>\n\n\n\n<p><\/p>\n","protected":false},"excerpt":{"rendered":"<p>Pr\u00e9sentation br\u00e8ve de mon entreprise Delta Technologies, fond\u00e9e en 1986 dans la Sarthe, est un acteur majeur dans le secteur informatique. Depuis son int\u00e9gration au groupe FITECO en 2017, l\u2019entreprise s\u2019appuie sur ses agences de La Fert\u00e9-Bernard, Le Mans et Chartres pour accompagner ses 1 300 clients. Avec un chiffre d\u2019affaires de 7,7 millions d\u2019euros [&hellip;]<\/p>\n","protected":false},"author":1,"featured_media":0,"parent":0,"menu_order":0,"comment_status":"closed","ping_status":"closed","template":"","meta":{"footnotes":""},"class_list":["post-61","page","type-page","status-publish","hentry"],"_links":{"self":[{"href":"https:\/\/kevin.drouet.formation-esiac.fr\/index.php\/wp-json\/wp\/v2\/pages\/61","targetHints":{"allow":["GET"]}}],"collection":[{"href":"https:\/\/kevin.drouet.formation-esiac.fr\/index.php\/wp-json\/wp\/v2\/pages"}],"about":[{"href":"https:\/\/kevin.drouet.formation-esiac.fr\/index.php\/wp-json\/wp\/v2\/types\/page"}],"author":[{"embeddable":true,"href":"https:\/\/kevin.drouet.formation-esiac.fr\/index.php\/wp-json\/wp\/v2\/users\/1"}],"replies":[{"embeddable":true,"href":"https:\/\/kevin.drouet.formation-esiac.fr\/index.php\/wp-json\/wp\/v2\/comments?post=61"}],"version-history":[{"count":5,"href":"https:\/\/kevin.drouet.formation-esiac.fr\/index.php\/wp-json\/wp\/v2\/pages\/61\/revisions"}],"predecessor-version":[{"id":87,"href":"https:\/\/kevin.drouet.formation-esiac.fr\/index.php\/wp-json\/wp\/v2\/pages\/61\/revisions\/87"}],"wp:attachment":[{"href":"https:\/\/kevin.drouet.formation-esiac.fr\/index.php\/wp-json\/wp\/v2\/media?parent=61"}],"curies":[{"name":"wp","href":"https:\/\/api.w.org\/{rel}","templated":true}]}}