{"id":77,"date":"2024-11-28T21:30:02","date_gmt":"2024-11-28T20:30:02","guid":{"rendered":"https:\/\/kevin.drouet.formation-esiac.fr\/?page_id=77"},"modified":"2024-12-04T12:54:47","modified_gmt":"2024-12-04T11:54:47","slug":"veille-technologique","status":"publish","type":"page","link":"https:\/\/kevin.drouet.formation-esiac.fr\/index.php\/veille-technologique\/","title":{"rendered":"VEILLE TECHNOLOGIQUE"},"content":{"rendered":"\n<div class=\"wp-block-columns are-vertically-aligned-center is-layout-flex wp-container-core-columns-is-layout-28f84493 wp-block-columns-is-layout-flex\">\n<div class=\"wp-block-column is-vertically-aligned-center is-layout-flow wp-block-column-is-layout-flow\" style=\"flex-basis:25%\">\n<figure class=\"wp-block-image size-large\"><img loading=\"lazy\" decoding=\"async\" width=\"1024\" height=\"576\" src=\"https:\/\/kevin.drouet.formation-esiac.fr\/wp-content\/uploads\/2024\/12\/image-1024x576.png\" alt=\"\" class=\"wp-image-111\" srcset=\"https:\/\/kevin.drouet.formation-esiac.fr\/wp-content\/uploads\/2024\/12\/image-1024x576.png 1024w, https:\/\/kevin.drouet.formation-esiac.fr\/wp-content\/uploads\/2024\/12\/image-300x169.png 300w, https:\/\/kevin.drouet.formation-esiac.fr\/wp-content\/uploads\/2024\/12\/image-768x432.png 768w, https:\/\/kevin.drouet.formation-esiac.fr\/wp-content\/uploads\/2024\/12\/image-1536x864.png 1536w, https:\/\/kevin.drouet.formation-esiac.fr\/wp-content\/uploads\/2024\/12\/image.png 1920w\" sizes=\"auto, (max-width: 1024px) 100vw, 1024px\" \/><\/figure>\n<\/div>\n\n\n\n<div class=\"wp-block-column is-vertically-aligned-center is-layout-flow wp-block-column-is-layout-flow\" style=\"flex-basis:75%\">\n<h2 class=\"wp-block-heading\">L&#8217;INTELLIGENCE ARTIFICIEL ET LE PHISHING<\/h2>\n<\/div>\n<\/div>\n\n\n\n<div class=\"wp-block-group alignfull has-global-padding is-layout-constrained wp-container-core-group-is-layout-4e17e602 wp-block-group-is-layout-constrained\" style=\"padding-top:var(--wp--preset--spacing--superbspacing-medium);padding-right:var(--wp--preset--spacing--superbspacing-small);padding-bottom:var(--wp--preset--spacing--superbspacing-medium);padding-left:var(--wp--preset--spacing--superbspacing-small)\">\n<h5 class=\"wp-block-heading has-text-align-left\"><mark style=\"background-color:rgba(0, 0, 0, 0)\" class=\"has-inline-color has-primary-color\">Pr\u00e9sentation br\u00e8ve de mes veilles technologique<\/mark><\/h5>\n\n\n\n<div class=\"wp-block-group is-layout-flow wp-container-core-group-is-layout-3fbca637 wp-block-group-is-layout-flow\">\n<p class=\"has-superbfont-small-font-size\">Dans un monde technologique en constante \u00e9volution, la veille technologique est essentielle pour anticiper les innovations et comprendre leurs impacts sur les entreprises. Mes recherches se sont concentr\u00e9es sur un domaine strat\u00e9gique : les enjeux de cybers\u00e9curit\u00e9 li\u00e9s \u00e0 l&#8217;essor de l&#8217;intelligence artificielle g\u00e9n\u00e9rative ainsi que le mat\u00e9riel informatique.<\/p>\n<\/div>\n\n\n\n<div class=\"wp-block-buttons is-layout-flex wp-block-buttons-is-layout-flex\">\n<div class=\"wp-block-button\"><a class=\"wp-block-button__link wp-element-button\" href=\"https:\/\/kevin.drouet.formation-esiac.fr\/pdf\/veille-technologique\/veille-technologique-1.pdf\">Veille technologique N\u00b01<\/a><\/div>\n<\/div>\n\n\n\n<div class=\"wp-block-buttons is-layout-flex wp-block-buttons-is-layout-flex\">\n<div class=\"wp-block-button\"><a class=\"wp-block-button__link wp-element-button\" href=\"https:\/\/kevin.drouet.formation-esiac.fr\/pdf\/veille-technologique\/veille-technologique_2.pdf\">Veille technologique N\u00b02<\/a><\/div>\n<\/div>\n\n\n\n<div class=\"wp-block-buttons is-layout-flex wp-block-buttons-is-layout-flex\">\n<div class=\"wp-block-button\"><a class=\"wp-block-button__link wp-element-button\" href=\"https:\/\/kevin.drouet.formation-esiac.fr\/pdf\/veille-technologique\/veille-technologique-3.pdf\">Veille technologique N\u00b03<\/a><\/div>\n<\/div>\n<\/div>\n\n\n\n<p><\/p>\n","protected":false},"excerpt":{"rendered":"<p>L&#8217;INTELLIGENCE ARTIFICIEL ET LE PHISHING Pr\u00e9sentation br\u00e8ve de mes veilles technologique Dans un monde technologique en constante \u00e9volution, la veille technologique est essentielle pour anticiper les innovations et comprendre leurs impacts sur les entreprises. Mes recherches se sont concentr\u00e9es sur un domaine strat\u00e9gique : les enjeux de cybers\u00e9curit\u00e9 li\u00e9s \u00e0 l&#8217;essor de l&#8217;intelligence artificielle g\u00e9n\u00e9rative [&hellip;]<\/p>\n","protected":false},"author":1,"featured_media":0,"parent":0,"menu_order":0,"comment_status":"closed","ping_status":"closed","template":"","meta":{"footnotes":""},"class_list":["post-77","page","type-page","status-publish","hentry"],"_links":{"self":[{"href":"https:\/\/kevin.drouet.formation-esiac.fr\/index.php\/wp-json\/wp\/v2\/pages\/77","targetHints":{"allow":["GET"]}}],"collection":[{"href":"https:\/\/kevin.drouet.formation-esiac.fr\/index.php\/wp-json\/wp\/v2\/pages"}],"about":[{"href":"https:\/\/kevin.drouet.formation-esiac.fr\/index.php\/wp-json\/wp\/v2\/types\/page"}],"author":[{"embeddable":true,"href":"https:\/\/kevin.drouet.formation-esiac.fr\/index.php\/wp-json\/wp\/v2\/users\/1"}],"replies":[{"embeddable":true,"href":"https:\/\/kevin.drouet.formation-esiac.fr\/index.php\/wp-json\/wp\/v2\/comments?post=77"}],"version-history":[{"count":8,"href":"https:\/\/kevin.drouet.formation-esiac.fr\/index.php\/wp-json\/wp\/v2\/pages\/77\/revisions"}],"predecessor-version":[{"id":121,"href":"https:\/\/kevin.drouet.formation-esiac.fr\/index.php\/wp-json\/wp\/v2\/pages\/77\/revisions\/121"}],"wp:attachment":[{"href":"https:\/\/kevin.drouet.formation-esiac.fr\/index.php\/wp-json\/wp\/v2\/media?parent=77"}],"curies":[{"name":"wp","href":"https:\/\/api.w.org\/{rel}","templated":true}]}}